{"id":1720,"date":"2026-04-03T10:05:15","date_gmt":"2026-04-03T10:05:15","guid":{"rendered":"https:\/\/shop.function3d.xyz\/?post_type=product&#038;p=1720"},"modified":"2026-04-05T15:53:35","modified_gmt":"2026-04-05T13:53:35","slug":"petalot","status":"publish","type":"product","link":"https:\/\/function3d.xyz\/es\/producto\/petalot\/","title":{"rendered":"PETALOT M\u00e1quina de PET"},"content":{"rendered":"<p><img loading=\"lazy\" decoding=\"async\" class=\"wp-image-1729 alignleft\" src=\"https:\/\/shop.function3d.xyz\/wp-content\/uploads\/2026\/04\/web-interface.jpg\" alt=\"\" width=\"282\" height=\"603\" srcset=\"https:\/\/function3d.xyz\/wp-content\/uploads\/2026\/04\/web-interface.jpg 479w, https:\/\/function3d.xyz\/wp-content\/uploads\/2026\/04\/web-interface-140x300.jpg 140w, https:\/\/function3d.xyz\/wp-content\/uploads\/2026\/04\/web-interface-6x12.jpg 6w\" sizes=\"auto, (max-width: 282px) 100vw, 282px\" \/><\/p>\n<h3><\/h3>\n<h3>Interfaz web Wi-Fi<\/h3>\n<p class=\"translation-block\">Para acceder a la interfaz web del wifi desde un dispositivo m\u00f3vil, con\u00e9ctate a la red wifi <b>PETALOT-XXXXXX<\/b> y escribe la direcci\u00f3n <b>192.168.4.1<\/b><\/p>\n<h3>Sensor de Tira<\/h3>\n<p class=\"translation-block\">El sensor de tira es fundamental para el funcionamiento de la m\u00e1quina <strong>PETALOT<\/strong>. <strong>Detiene la m\u00e1quina<\/strong> cuando se acaba la tira de pl\u00e1stico, <strong>evitando da\u00f1os en los engranajes<\/strong>. <strong>Tambi\u00e9n act\u00faa como interruptor<\/strong>: tras convertir y retirar un filamento, pulsa el sensor para reiniciar el calentamiento y la rotaci\u00f3n del motor para la siguiente tira. Si <strong>no se detecta ninguna tira en 5 minutos, la m\u00e1quina se detiene autom\u00e1ticamente<\/strong>. Tambi\u00e9n puede detenerla manualmente retirando la cubierta y la tira, o pulsando el sensor durante 5 segundos y solt\u00e1ndolo para simular el final de la tira.<\/p>\n<h3>C\u00f3mo utilizarlo<strong><br \/>\n<\/strong><\/h3>\n<p><a href=\"https:\/\/docs.google.com\/document\/d\/1Pd6fHrCfWjw5y-puxVkw1VFblkbrnRKj-LouZT62nvQ\/edit?usp=drive_linkhttps:\/\/docs.google.com\/document\/d\/1Pd6fHrCfWjw5y-puxVkw1VFblkbrnRKj-LouZT62nvQ\/edit?usp=drive_link\" target=\"_blank\" rel=\"noopener\">Manual de instrucciones<\/a><\/p>\n<p class=\"translation-block\"><strong>Dimensiones:<\/strong> 60 cm x 18 cm x 13 cm.<br>\n<strong>Peso del paquete: <\/strong>2,4 kg.<br>\n<strong>Tensi\u00f3n nominal:<\/strong> CA 100 V-240 V, 50\/60 Hz.<br>\n<strong>Corriente m\u00e1xima:<\/strong> 5 A.<br>\n<strong>Potencia m\u00e1xima:<\/strong> 60 W.<br>\n<strong>Velocidad:<\/strong> 5-30 cm de filamento por minuto, por defecto: 25 cm\/min<br>\n<strong>Temperatura:<\/strong> 160-255 \u00baC, por defecto: 185 \u00baC.<\/p>\n<blockquote class=\"tiktok-embed\" cite=\"https:\/\/www.tiktok.com\/@function.3d\/video\/7465315703470656770\" data-video-id=\"7465315703470656770\" data-embed-from=\"oembed\" style=\"max-width:605px; min-width:325px;\">\n<section> <a target=\"_blank\" title=\"@function.3d\" href=\"https:\/\/www.tiktok.com\/@function.3d?refer=embed\">@function.3d<\/a> <\/p>\n<p>PET filament from A to Z 3D printer: @Elegoo 3D Official Neptune 4 Pro <a title=\"3dprinting\" target=\"_blank\" href=\"https:\/\/www.tiktok.com\/tag\/3dprinting?refer=embed\">#3dprinting<\/a> <a title=\"3dprint\" target=\"_blank\" href=\"https:\/\/www.tiktok.com\/tag\/3dprint?refer=embed\">#3dprint<\/a> <a title=\"recycleplastic\" target=\"_blank\" href=\"https:\/\/www.tiktok.com\/tag\/recycleplastic?refer=embed\">#recycleplastic<\/a> <a title=\"neptune4pro\" target=\"_blank\" href=\"https:\/\/www.tiktok.com\/tag\/neptune4pro?refer=embed\">#neptune4pro<\/a> <\/p>\n<p> <a target=\"_blank\" title=\"\u266c GNOSSIENNE NO 1 - Intermede Music\" href=\"https:\/\/www.tiktok.com\/music\/GNOSSIENNE-NO-1-7019138072442537986?refer=embed\">\u266c GNOSSIENNE NO 1 &#8211; Intermede Music<\/a> <\/section>\n<\/blockquote>\n<p> <script async src=\"https:\/\/www.tiktok.com\/embed.js\"><\/script><\/p>\n<blockquote class=\"tiktok-embed\" cite=\"https:\/\/www.tiktok.com\/@function.3d\/video\/7368181286743051553\" data-video-id=\"7368181286743051553\" data-embed-from=\"oembed\" style=\"max-width:605px; min-width:325px;\">\n<section> <a target=\"_blank\" title=\"@function.3d\" href=\"https:\/\/www.tiktok.com\/@function.3d?refer=embed\">@function.3d<\/a> <\/p>\n<p>Happy Mother&#8217;s Day! Filament: DIY PET Filament  https:\/\/www.printables.com\/model\/768657-petalot-pet-filament-machine 3D printer: @Flashforge Adventurer 5M STLs: https:\/\/www.printables.com\/model\/287975-cactus-vase https:\/\/www.printables.com\/model\/131488-spiral-vase-rose https:\/\/www.printables.com\/model\/133069-spikey-rose-stemshaft <a title=\"3dprinting\" target=\"_blank\" href=\"https:\/\/www.tiktok.com\/tag\/3dprinting?refer=embed\">#3dprinting<\/a> <a title=\"3dprint\" target=\"_blank\" href=\"https:\/\/www.tiktok.com\/tag\/3dprint?refer=embed\">#3dprint<\/a> <a title=\"mothersday\" target=\"_blank\" href=\"https:\/\/www.tiktok.com\/tag\/mothersday?refer=embed\">#mothersday<\/a>  <a title=\"flashforgeadventurer5m\" target=\"_blank\" href=\"https:\/\/www.tiktok.com\/tag\/flashforgeadventurer5m?refer=embed\">#flashforgeadventurer5m<\/a> <\/p>\n<p> <a target=\"_blank\" title=\"\u266c original sound - Wendlo\" href=\"https:\/\/www.tiktok.com\/music\/original-sound-7364101160136985386?refer=embed\">\u266c original sound &#8211; Wendlo<\/a> <\/section>\n<\/blockquote>\n<p> <script async src=\"https:\/\/www.tiktok.com\/embed.js\"><\/script><\/p>\n<blockquote class=\"tiktok-embed\" cite=\"https:\/\/www.tiktok.com\/@function.3d\/video\/7503522530611760406\" data-video-id=\"7503522530611760406\" data-embed-from=\"oembed\" style=\"max-width:605px; min-width:325px;\">\n<section> <a target=\"_blank\" title=\"@function.3d\" href=\"https:\/\/www.tiktok.com\/@function.3d?refer=embed\">@function.3d<\/a> <\/p>\n<p>Airbrushing 3D printed parts 3D printer: @BAMBULAB Official A1 Combo Filament: Homemade filament made from PET plastic bottles. I was surprised how good it looks without sanding or priming, I just used the fuzzy skin to give the vase a textured finish. STLs: Makerworld: 519260, Makerworld: 999536 <a title=\"3dprinting\" target=\"_blank\" href=\"https:\/\/www.tiktok.com\/tag\/3dprinting?refer=embed\">#3dprinting<\/a> <a title=\"3dprint\" target=\"_blank\" href=\"https:\/\/www.tiktok.com\/tag\/3dprint?refer=embed\">#3dprint<\/a> <a title=\"mothersday\" target=\"_blank\" href=\"https:\/\/www.tiktok.com\/tag\/mothersday?refer=embed\">#mothersday<\/a> <a title=\"bambulab\" target=\"_blank\" href=\"https:\/\/www.tiktok.com\/tag\/bambulab?refer=embed\">#bambulab<\/a> <a title=\"bambulaba1\" target=\"_blank\" href=\"https:\/\/www.tiktok.com\/tag\/bambulaba1?refer=embed\">#bambulaba1<\/a> <a title=\"recycleplastic\" target=\"_blank\" href=\"https:\/\/www.tiktok.com\/tag\/recycleplastic?refer=embed\">#recycleplastic<\/a> <\/p>\n<p> <a target=\"_blank\" title=\"\u266c original sound - function.3d\" href=\"https:\/\/www.tiktok.com\/music\/original-sound-7503522570109913878?refer=embed\">\u266c original sound &#8211; function.3d<\/a> <\/section>\n<\/blockquote>\n<p> <script async src=\"https:\/\/www.tiktok.com\/embed.js\"><\/script><\/p>","protected":false},"excerpt":{"rendered":"<p><strong>M\u00e1quina de PET montada<\/strong><\/p>\n<p class=\"translation-block\"><strong>Incluye una m\u00e1quina impresa en 3D con filamento de botellas de PET<\/strong>, totalmente montada y lista para funcionar. <strong>No se incluyen el cable de alimentaci\u00f3n ni el cortador de botellas.<\/strong><\/p>\n<p>Est\u00e1 disponible en dos colores: azul claro y azul oscuro. Aunque no se puede elegir el color, puedes indicar tu preferencia en los comentarios del pedido e intentar\u00e9 satisfacerla.<\/p>\n<p>Informaci\u00f3n adicional: <a href=\"https:\/\/function3d.xyz\/es\/faqs\/\">FAQs<\/a>, <a href=\"https:\/\/docs.google.com\/document\/d\/1Pd6fHrCfWjw5y-puxVkw1VFblkbrnRKj-LouZT62nvQ\/edit?usp=drive_linkhttps:\/\/docs.google.com\/document\/d\/1Pd6fHrCfWjw5y-puxVkw1VFblkbrnRKj-LouZT62nvQ\/edit?usp=drive_link\">Manual,<\/a> <a href=\"https:\/\/www.printables.com\/model\/768657-petalot-pet-filament-machine\">DIY<\/a><\/p>\n<p>&nbsp;<\/p>","protected":false},"featured_media":2018,"comment_status":"closed","ping_status":"closed","template":"","meta":{"_uag_custom_page_level_css":"","site-sidebar-layout":"default","site-content-layout":"","ast-site-content-layout":"default","site-content-style":"default","site-sidebar-style":"default","ast-global-header-display":"","ast-banner-title-visibility":"","ast-main-header-display":"","ast-hfb-above-header-display":"","ast-hfb-below-header-display":"","ast-hfb-mobile-header-display":"","site-post-title":"","ast-breadcrumbs-content":"","ast-featured-img":"","footer-sml-layout":"","ast-disable-related-posts":"","theme-transparent-header-meta":"default","adv-header-id-meta":"","stick-header-meta":"","header-above-stick-meta":"","header-main-stick-meta":"","header-below-stick-meta":"","astra-migrate-meta-layouts":"set","ast-page-background-enabled":"default","ast-page-background-meta":{"desktop":{"background-color":"","background-image":"","background-repeat":"repeat","background-position":"center center","background-size":"auto","background-attachment":"scroll","background-type":"","background-media":"","overlay-type":"","overlay-color":"","overlay-opacity":"","overlay-gradient":""},"tablet":{"background-color":"","background-image":"","background-repeat":"repeat","background-position":"center center","background-size":"auto","background-attachment":"scroll","background-type":"","background-media":"","overlay-type":"","overlay-color":"","overlay-opacity":"","overlay-gradient":""},"mobile":{"background-color":"","background-image":"","background-repeat":"repeat","background-position":"center center","background-size":"auto","background-attachment":"scroll","background-type":"","background-media":"","overlay-type":"","overlay-color":"","overlay-opacity":"","overlay-gradient":""}},"ast-content-background-meta":{"desktop":{"background-color":"var(--ast-global-color-5)","background-image":"","background-repeat":"repeat","background-position":"center center","background-size":"auto","background-attachment":"scroll","background-type":"","background-media":"","overlay-type":"","overlay-color":"","overlay-opacity":"","overlay-gradient":""},"tablet":{"background-color":"var(--ast-global-color-5)","background-image":"","background-repeat":"repeat","background-position":"center center","background-size":"auto","background-attachment":"scroll","background-type":"","background-media":"","overlay-type":"","overlay-color":"","overlay-opacity":"","overlay-gradient":""},"mobile":{"background-color":"var(--ast-global-color-5)","background-image":"","background-repeat":"repeat","background-position":"center center","background-size":"auto","background-attachment":"scroll","background-type":"","background-media":"","overlay-type":"","overlay-color":"","overlay-opacity":"","overlay-gradient":""}}},"product_brand":[],"product_cat":[26],"product_tag":[],"class_list":{"0":"post-1720","1":"product","2":"type-product","3":"status-publish","4":"has-post-thumbnail","6":"product_cat-machines","7":"product_shipping_class-grande","8":"desktop-align-left","9":"tablet-align-left","10":"mobile-align-left","12":"first","13":"instock","14":"shipping-taxable","15":"purchasable","16":"product-type-simple"},"uagb_featured_image_src":{"full":["https:\/\/function3d.xyz\/wp-content\/uploads\/2026\/04\/IMG_20260404_164018.webp",1440,1080,false],"thumbnail":["https:\/\/function3d.xyz\/wp-content\/uploads\/2026\/04\/IMG_20260404_164018-150x150.webp",150,150,true],"medium":["https:\/\/function3d.xyz\/wp-content\/uploads\/2026\/04\/IMG_20260404_164018-300x225.webp",300,225,true],"medium_large":["https:\/\/function3d.xyz\/wp-content\/uploads\/2026\/04\/IMG_20260404_164018-768x576.webp",768,576,true],"large":["https:\/\/function3d.xyz\/wp-content\/uploads\/2026\/04\/IMG_20260404_164018-1024x768.webp",1024,768,true],"1536x1536":["https:\/\/function3d.xyz\/wp-content\/uploads\/2026\/04\/IMG_20260404_164018.webp",1440,1080,false],"2048x2048":["https:\/\/function3d.xyz\/wp-content\/uploads\/2026\/04\/IMG_20260404_164018.webp",1440,1080,false],"trp-custom-language-flag":["https:\/\/function3d.xyz\/wp-content\/uploads\/2026\/04\/IMG_20260404_164018-16x12.webp",16,12,true],"woocommerce_thumbnail":["https:\/\/function3d.xyz\/wp-content\/uploads\/2026\/04\/IMG_20260404_164018-300x300.webp",300,300,true],"woocommerce_single":["https:\/\/function3d.xyz\/wp-content\/uploads\/2026\/04\/IMG_20260404_164018-600x450.webp",600,450,true],"woocommerce_gallery_thumbnail":["https:\/\/function3d.xyz\/wp-content\/uploads\/2026\/04\/IMG_20260404_164018-100x100.webp",100,100,true]},"uagb_author_info":{"display_name":"raul","author_link":"https:\/\/function3d.xyz\/es\/author\/"},"uagb_comment_info":0,"uagb_excerpt":"PET Machine Assembled Includes one machine 3D printed in PET bottle filament, fully assembled and running. Power cord and bottle cutter not included. Available in two colors, light blue, and dark blue, the color is not eligible but you can leave your preference in the comments of the order and I will try to satisfy&hellip;","_links":{"self":[{"href":"https:\/\/function3d.xyz\/es\/wp-json\/wp\/v2\/product\/1720","targetHints":{"allow":["GET"]}}],"collection":[{"href":"https:\/\/function3d.xyz\/es\/wp-json\/wp\/v2\/product"}],"about":[{"href":"https:\/\/function3d.xyz\/es\/wp-json\/wp\/v2\/types\/product"}],"replies":[{"embeddable":true,"href":"https:\/\/function3d.xyz\/es\/wp-json\/wp\/v2\/comments?post=1720"}],"wp:featuredmedia":[{"embeddable":true,"href":"https:\/\/function3d.xyz\/es\/wp-json\/wp\/v2\/media\/2018"}],"wp:attachment":[{"href":"https:\/\/function3d.xyz\/es\/wp-json\/wp\/v2\/media?parent=1720"}],"wp:term":[{"taxonomy":"product_brand","embeddable":true,"href":"https:\/\/function3d.xyz\/es\/wp-json\/wp\/v2\/product_brand?post=1720"},{"taxonomy":"product_cat","embeddable":true,"href":"https:\/\/function3d.xyz\/es\/wp-json\/wp\/v2\/product_cat?post=1720"},{"taxonomy":"product_tag","embeddable":true,"href":"https:\/\/function3d.xyz\/es\/wp-json\/wp\/v2\/product_tag?post=1720"}],"curies":[{"name":"wp","href":"https:\/\/api.w.org\/{rel}","templated":true}]}}